{"id":919,"date":"2018-07-10T11:07:14","date_gmt":"2018-07-10T10:07:14","guid":{"rendered":"http:\/\/joseliner.com\/?page_id=919"},"modified":"2020-12-23T20:22:02","modified_gmt":"2020-12-23T19:22:02","slug":"acerca-de","status":"publish","type":"page","link":"https:\/\/bluesnbrews.es\/?page_id=919","title":{"rendered":"Acerca de"},"content":{"rendered":"<p>Saludos. Est\u00e1s visitando mi p\u00e1gina sobre elaboraci\u00f3n de cerveza casera y mis aventuras en el mundo del blues.\u00a0\u00a0 Estas p\u00e1ginas son solo apuntes de experiencias personales y otros que he ido recopilando de la web sobre temas relacionados para poder consultarlos en cualquier momento. Siempre que puedo suelo a\u00f1adir un pie de p\u00e1gina con la fuente.<\/p>\n<p>En el mundo de la elaboraci\u00f3n casera de cerveza, junto con mis pr\u00f3pias experiencias y elaboraciones he ido recogiendo informaci\u00f3n relevante de muchos sitios web (<a href=\"http:\/\/sourbeerblog.com\/\">Matt miller<\/a> , <a href=\"https:\/\/www.themadfermentationist.com\/\">Michael Tonsmeire<\/a>, etc.) que de forma generosa sus autores hacen de dominio p\u00fablico.\u00a0 Vaya por delante mi agradecimiento a estos gur\u00fas por su generosidad.<\/p>\n","protected":false},"excerpt":{"rendered":"<p>Saludos. Est\u00e1s visitando mi p\u00e1gina sobre elaboraci\u00f3n de cerveza casera y mis aventuras en el mundo del blues.\u00a0\u00a0 Estas p\u00e1ginas son solo apuntes de experiencias personales y otros que he ido recopilando de la web sobre temas relacionados para poder consultarlos en cualquier momento. Siempre que puedo suelo a\u00f1adir un pie de p\u00e1gina con la &hellip; <\/p>\n<p class=\"link-more\"><a href=\"https:\/\/bluesnbrews.es\/?page_id=919\" class=\"more-link\">Continuar leyendo<span class=\"screen-reader-text\"> \u00abAcerca de\u00bb<\/span><\/a><\/p>\n","protected":false},"author":1,"featured_media":0,"parent":0,"menu_order":0,"comment_status":"closed","ping_status":"closed","template":"","meta":{"footnotes":""},"class_list":["post-919","page","type-page","status-publish","hentry"],"_links":{"self":[{"href":"https:\/\/bluesnbrews.es\/index.php?rest_route=\/wp\/v2\/pages\/919","targetHints":{"allow":["GET"]}}],"collection":[{"href":"https:\/\/bluesnbrews.es\/index.php?rest_route=\/wp\/v2\/pages"}],"about":[{"href":"https:\/\/bluesnbrews.es\/index.php?rest_route=\/wp\/v2\/types\/page"}],"author":[{"embeddable":true,"href":"https:\/\/bluesnbrews.es\/index.php?rest_route=\/wp\/v2\/users\/1"}],"replies":[{"embeddable":true,"href":"https:\/\/bluesnbrews.es\/index.php?rest_route=%2Fwp%2Fv2%2Fcomments&post=919"}],"version-history":[{"count":9,"href":"https:\/\/bluesnbrews.es\/index.php?rest_route=\/wp\/v2\/pages\/919\/revisions"}],"predecessor-version":[{"id":1092,"href":"https:\/\/bluesnbrews.es\/index.php?rest_route=\/wp\/v2\/pages\/919\/revisions\/1092"}],"wp:attachment":[{"href":"https:\/\/bluesnbrews.es\/index.php?rest_route=%2Fwp%2Fv2%2Fmedia&parent=919"}],"curies":[{"name":"wp","href":"https:\/\/api.w.org\/{rel}","templated":true}]}}